{"id":4161,"date":"2016-10-25T09:33:49","date_gmt":"2016-10-25T09:33:49","guid":{"rendered":"http:\/\/beta.unitedthemes.com\/brooklyn-relaunch\/?page_id=4161"},"modified":"2025-04-08T16:29:54","modified_gmt":"2025-04-08T16:29:54","slug":"front-page","status":"publish","type":"page","link":"https:\/\/www.madroconstruccions.com\/","title":{"rendered":"Inici"},"content":{"rendered":"<div class=\"wpb-content-wrapper\"><p>[vc_section][vc_row][vc_column width=&#8221;1\/2&#8243;]<div class=\"wpb_content_element \"><style type=\"text\/css\">#ut_header_69e08c2475f96 h2.section-title { font-size:42px !important; }<\/style><header id=\"ut_header_69e08c2475f96\" class=\"section-header  ut-no-title-linebreak-mobile ut-no-lead-linebreak-mobile pt-style-2 header-center header-tablet-center header-mobile-center\"><h2 data-title=\"QUI SOM\"  data-responsive-font=\"section_title\" data-responsive-font-settings=\"{&quot;base-font-size&quot;:&quot;global&quot;,&quot;font-size&quot;:{&quot;desktop_large&quot;:&quot;42&quot;},&quot;base-line-height&quot;:&quot;global&quot;,&quot;base-letter-spacing&quot;:&quot;global&quot;}\" class=\"section-title  \"><span>QUI SOM<\/span><\/h2><\/header><\/div>[\/vc_column][vc_column width=&#8221;1\/2&#8243;][vc_column_text]<\/p>\n<p style=\"text-align: justify;\"><strong>Madr\u00f3 Construccions<\/strong> \u00e9s una empresa familiar amb quasi 40 anys d\u2019experi\u00e8ncia en el sector gestionada per Jordi Hern\u00e1ndez Vilanova. Podem desenvolupar qualsevol repte en temes de construcci\u00f3, des de reformes o rehabilitacions, promoci\u00f3 de projectes i obres importants. Realitzem tota mena de projectes: comunitats, fa\u00e7anes, naus, xalets, reformes de pisos&#8230; Facilitem el dia a dia del client amb assessorament i acompanyament durant tot el proc\u00e9s de l\u2019obra. Garantim seguretat i legalitat de tot el projecte.<\/p>\n<p>[\/vc_column_text][\/vc_column][\/vc_row][vc_row][vc_column width=&#8221;1\/2&#8243;]<div class=\"wpb_content_element \"><style type=\"text\/css\">#ut_header_69e08c247c4cf h2.section-title { font-size:42px !important; }<\/style><header id=\"ut_header_69e08c247c4cf\" class=\"section-header  ut-no-title-linebreak-mobile ut-no-lead-linebreak-mobile pt-style-2 header-center header-tablet-center header-mobile-center\"><h2 data-title=\"COM HO FEM\"  data-responsive-font=\"section_title\" data-responsive-font-settings=\"{&quot;base-font-size&quot;:&quot;global&quot;,&quot;font-size&quot;:{&quot;desktop_large&quot;:&quot;42&quot;},&quot;base-line-height&quot;:&quot;global&quot;,&quot;base-letter-spacing&quot;:&quot;global&quot;}\" class=\"section-title  \"><span>COM HO FEM<\/span><\/h2><\/header><\/div>[\/vc_column][vc_column width=&#8221;1\/2&#8243;][vc_column_text]<\/p>\n<p style=\"text-align: justify;\">El client sol\u00b7licita pressupost sense comprom\u00eds u quan s\u2019accepta, l\u2019acompanyem en tot el proc\u00e9s. Des del primer moment ens fem c\u00e0rrec de tots el passos tenint en compte les necessitats i prefer\u00e8ncies del client. Realitzem un treball rigor\u00f3s i oferim la major qualitat en cada projecte.<\/p>\n<p>[\/vc_column_text][\/vc_column][\/vc_row][vc_row][vc_column width=&#8221;1\/2&#8243;]<div class=\"wpb_content_element \"><style type=\"text\/css\">#ut_header_69e08c247d5df h2.section-title { font-size:42px !important; }<\/style><header id=\"ut_header_69e08c247d5df\" class=\"section-header  ut-no-title-linebreak-mobile ut-no-lead-linebreak-mobile pt-style-2 header-center header-tablet-center header-mobile-center\"><h2 data-title=\"EL NOSTRE OBJECTIU\"  data-responsive-font=\"section_title\" data-responsive-font-settings=\"{&quot;base-font-size&quot;:&quot;global&quot;,&quot;font-size&quot;:{&quot;desktop_large&quot;:&quot;42&quot;},&quot;base-line-height&quot;:&quot;global&quot;,&quot;base-letter-spacing&quot;:&quot;global&quot;}\" class=\"section-title  \"><span>EL NOSTRE OBJECTIU<\/span><\/h2><\/header><\/div>[\/vc_column][vc_column width=&#8221;1\/2&#8243;][vc_column_text]<\/p>\n<p style=\"text-align: justify;\">Ens caracteritzem per la qualitat i el bon servei. La nostra pr\u00e0ctica professional se centra en assessorar el client de la millor manera possible, respectant sempre el pressupost i els terminis d\u2019execuci\u00f3.<\/p>\n<p>[\/vc_column_text][\/vc_column][\/vc_row][\/vc_section][vc_section full_width=&#8221;&#8221;][vc_row full_width=&#8221;&#8221;][vc_column]<div class=\"wpb_content_element \">\r\n\t\t\t<style type=\"text\/css\">\r\n\r\n\t\t\t\t\r\n\t\t\t\t\r\n\t\t\t\t\r\n                \r\n\t\t\t\t\r\n                \r\n                \r\n\t\t\t\t\r\n\t\t\t<\/style>\r\n\r\n\t\t\t<div id=\"ut_cs_69e08c247e09c\" class=\"ut-comparison-container  ut-comparison-caption-with-shadow\" data-default-offset-pct=\"0.5\" data-orientation=\"horizontal\" data-move-slider-on-hover=\"\" data-before-label=\"\" data-after-label=\"\">\r\n        <img loading=\"lazy\" decoding=\"async\" data-adaptive-images=\"{&quot;300&quot;:&quot;https:\\\/\\\/www.madroconstruccions.com\\\/wp-content\\\/uploads\\\/2023\\\/07\\\/Cuina-2-300x200.jpg&quot;,&quot;500&quot;:&quot;https:\\\/\\\/www.madroconstruccions.com\\\/wp-content\\\/uploads\\\/2023\\\/07\\\/Cuina-2-500x333.jpg&quot;,&quot;750&quot;:&quot;https:\\\/\\\/www.madroconstruccions.com\\\/wp-content\\\/uploads\\\/2023\\\/07\\\/Cuina-2-750x500.jpg&quot;,&quot;1000&quot;:&quot;https:\\\/\\\/www.madroconstruccions.com\\\/wp-content\\\/uploads\\\/2023\\\/07\\\/Cuina-2-1000x667.jpg&quot;,&quot;1500&quot;:&quot;https:\\\/\\\/www.madroconstruccions.com\\\/wp-content\\\/uploads\\\/2023\\\/07\\\/Cuina-2-1500x1000.jpg&quot;,&quot;2500&quot;:&quot;https:\\\/\\\/www.madroconstruccions.com\\\/wp-content\\\/uploads\\\/2023\\\/07\\\/Cuina-2-2500x1667.jpg&quot;}\" src=\"data:image\/svg+xml;charset=utf-8,%3Csvg xmlns%3D&#039;http%3A%2F%2Fwww.w3.org%2F2000%2Fsvg&#039; viewBox%3D&#039;0 0 1300 867&#039;%2F%3E\" width=\"1300\" height=\"867\" data-src=\"https:\/\/www.madroconstruccions.com\/wp-content\/uploads\/2023\/07\/Cuina-2-1500x1000.jpg\" data-image-id=\"5009\" class=\"ut-adaptive-image wp-post-image skip-lazy \">\r\n\r\n        \r\n        <img loading=\"lazy\" decoding=\"async\" data-adaptive-images=\"{&quot;300&quot;:&quot;https:\\\/\\\/www.madroconstruccions.com\\\/wp-content\\\/uploads\\\/2023\\\/07\\\/Cuina-7-300x200.jpg&quot;,&quot;500&quot;:&quot;https:\\\/\\\/www.madroconstruccions.com\\\/wp-content\\\/uploads\\\/2023\\\/07\\\/Cuina-7-500x333.jpg&quot;,&quot;750&quot;:&quot;https:\\\/\\\/www.madroconstruccions.com\\\/wp-content\\\/uploads\\\/2023\\\/07\\\/Cuina-7-750x500.jpg&quot;,&quot;1000&quot;:&quot;https:\\\/\\\/www.madroconstruccions.com\\\/wp-content\\\/uploads\\\/2023\\\/07\\\/Cuina-7-1000x667.jpg&quot;,&quot;1500&quot;:&quot;https:\\\/\\\/www.madroconstruccions.com\\\/wp-content\\\/uploads\\\/2023\\\/07\\\/Cuina-7-1500x1000.jpg&quot;,&quot;2500&quot;:&quot;https:\\\/\\\/www.madroconstruccions.com\\\/wp-content\\\/uploads\\\/2023\\\/07\\\/Cuina-7-2500x1667.jpg&quot;}\" src=\"data:image\/svg+xml;charset=utf-8,%3Csvg xmlns%3D&#039;http%3A%2F%2Fwww.w3.org%2F2000%2Fsvg&#039; viewBox%3D&#039;0 0 1300 867&#039;%2F%3E\" width=\"1300\" height=\"867\" data-src=\"https:\/\/www.madroconstruccions.com\/wp-content\/uploads\/2023\/07\/Cuina-7-1500x1000.jpg\" data-image-id=\"5010\" class=\"ut-adaptive-image wp-post-image skip-lazy \">\r\n\r\n        <\/div><\/div>[\/vc_column][\/vc_row][\/vc_section][vc_section full_width=&#8221;stretch_row_content&#8221;][vc_row equal_height=&#8221;yes&#8221;][vc_column width=&#8221;1\/3&#8243;]<div  class=\"wpb_content_element   clearfix\"><style type=\"text\/css\">#ut_am_69e08c248073e { opacity: 1; }#ut_am_wrap_69e08c248073f .ut-image-gallery-item-caption-title h3 { letter-spacing: 0em; }#ut_am_wrap_69e08c248073f .ut-gallery-slider-caption { font-weight: bold; }#ut_am_wrap_69e08c248073f { text-align: left; }@media (min-width: 768px) and (max-width: 1024px) { #ut_am_wrap_69e08c248073f { text-align: left !important; } }@media (max-width: 767px) { #ut_am_wrap_69e08c248073f { text-align: center !important; } }<\/style><div id=\"ut_am_wrap_69e08c248073f\" class=\"ut-image-gallery-image \"><div id=\"ut_reveal_69e08c2480741\"  data-appear-top-offset=\"auto\" class=\"ut-animated-image-item ut-image-gallery-item ut-animation-done \"><a data-exthumbimage=\"https:\/\/www.madroconstruccions.com\/wp-content\/uploads\/2023\/07\/IMG20230527211617-200x200.jpg\" href=\"https:\/\/www.madroconstruccions.com\/wp-content\/uploads\/2023\/07\/IMG20230527211617-540x720.jpg\" class=\"ut-vc-images-lightbox ut-wait-for-plugin\" ><div class=\"ut-animated-image-zoom\"><img loading=\"lazy\" decoding=\"async\" class=\"ut-lazy skip-lazy ut-animated-image \"  id=\"ut_am_69e08c248073e\" src=\"data:image\/svg+xml;charset=utf-8,%3Csvg xmlns%3D'http%3A%2F%2Fwww.w3.org%2F2000%2Fsvg' viewBox%3D'0 0 600 800'%2F%3E\" data-src=\"https:\/\/www.madroconstruccions.com\/wp-content\/uploads\/2023\/07\/IMG20230527211617.jpg\" width=\"600\" height=\"800\" alt=\"\"\/><\/div><\/a><\/div><\/div><\/div>[\/vc_column][vc_column width=&#8221;1\/3&#8243;]<div  class=\"wpb_content_element   clearfix\"><style type=\"text\/css\">#ut_am_69e08c2482db6 { opacity: 1; }#ut_am_wrap_69e08c2482db8 .ut-image-gallery-item-caption-title h3 { letter-spacing: 0em; }#ut_am_wrap_69e08c2482db8 .ut-gallery-slider-caption { font-weight: bold; }#ut_am_wrap_69e08c2482db8 { text-align: left; }@media (min-width: 768px) and (max-width: 1024px) { #ut_am_wrap_69e08c2482db8 { text-align: left !important; } }@media (max-width: 767px) { #ut_am_wrap_69e08c2482db8 { text-align: center !important; } }<\/style><div id=\"ut_am_wrap_69e08c2482db8\" class=\"ut-image-gallery-image \"><div id=\"ut_reveal_69e08c2482db9\"  data-appear-top-offset=\"auto\" class=\"ut-animated-image-item ut-image-gallery-item ut-animation-done \"><a data-exthumbimage=\"https:\/\/www.madroconstruccions.com\/wp-content\/uploads\/2023\/07\/IMG20230527211606-200x200.jpg\" href=\"https:\/\/www.madroconstruccions.com\/wp-content\/uploads\/2023\/07\/IMG20230527211606-540x720.jpg\" class=\"ut-vc-images-lightbox ut-wait-for-plugin\" ><div class=\"ut-animated-image-zoom\"><img loading=\"lazy\" decoding=\"async\" class=\"ut-lazy skip-lazy ut-animated-image \"  id=\"ut_am_69e08c2482db6\" src=\"data:image\/svg+xml;charset=utf-8,%3Csvg xmlns%3D'http%3A%2F%2Fwww.w3.org%2F2000%2Fsvg' viewBox%3D'0 0 600 800'%2F%3E\" data-src=\"https:\/\/www.madroconstruccions.com\/wp-content\/uploads\/2023\/07\/IMG20230527211606.jpg\" width=\"600\" height=\"800\" alt=\"\"\/><\/div><\/a><\/div><\/div><\/div>[\/vc_column][vc_column width=&#8221;1\/3&#8243;]<div  class=\"wpb_content_element   clearfix\"><style type=\"text\/css\">#ut_am_69e08c2483eb6 { opacity: 1; }#ut_am_wrap_69e08c2483eb8 .ut-image-gallery-item-caption-title h3 { letter-spacing: 0em; }#ut_am_wrap_69e08c2483eb8 .ut-gallery-slider-caption { font-weight: bold; }#ut_am_wrap_69e08c2483eb8 { text-align: left; }@media (min-width: 768px) and (max-width: 1024px) { #ut_am_wrap_69e08c2483eb8 { text-align: left !important; } }@media (max-width: 767px) { #ut_am_wrap_69e08c2483eb8 { text-align: center !important; } }<\/style><div id=\"ut_am_wrap_69e08c2483eb8\" class=\"ut-image-gallery-image \"><div id=\"ut_reveal_69e08c2483eb9\"  data-appear-top-offset=\"auto\" class=\"ut-animated-image-item ut-image-gallery-item ut-animation-done \"><a data-exthumbimage=\"https:\/\/www.madroconstruccions.com\/wp-content\/uploads\/2023\/07\/IMG-20230726-WA0009-200x200.jpg\" href=\"https:\/\/www.madroconstruccions.com\/wp-content\/uploads\/2023\/07\/IMG-20230726-WA0009-540x720.jpg\" class=\"ut-vc-images-lightbox ut-wait-for-plugin\" ><div class=\"ut-animated-image-zoom\"><img loading=\"lazy\" decoding=\"async\" class=\"ut-lazy skip-lazy ut-animated-image \"  id=\"ut_am_69e08c2483eb6\" src=\"data:image\/svg+xml;charset=utf-8,%3Csvg xmlns%3D'http%3A%2F%2Fwww.w3.org%2F2000%2Fsvg' viewBox%3D'0 0 600 800'%2F%3E\" data-src=\"https:\/\/www.madroconstruccions.com\/wp-content\/uploads\/2023\/07\/IMG-20230726-WA0009.jpg\" width=\"600\" height=\"800\" alt=\"\"\/><\/div><\/a><\/div><\/div><\/div>[\/vc_column][\/vc_row][\/vc_section][vc_section full_width=&#8221;stretch_row_content&#8221;][vc_row equal_height=&#8221;yes&#8221;][vc_column width=&#8221;1\/3&#8243;]<div  class=\"wpb_content_element   clearfix\"><style type=\"text\/css\">#ut_am_69e08c2485191 { opacity: 1; }#ut_am_wrap_69e08c2485192 .ut-image-gallery-item-caption-title h3 { letter-spacing: 0em; }#ut_am_wrap_69e08c2485192 .ut-gallery-slider-caption { font-weight: bold; }#ut_am_wrap_69e08c2485192 { text-align: left; }@media (min-width: 768px) and (max-width: 1024px) { #ut_am_wrap_69e08c2485192 { text-align: left !important; } }@media (max-width: 767px) { #ut_am_wrap_69e08c2485192 { text-align: center !important; } }<\/style><div id=\"ut_am_wrap_69e08c2485192\" class=\"ut-image-gallery-image \"><div id=\"ut_reveal_69e08c2485193\"  data-appear-top-offset=\"auto\" class=\"ut-animated-image-item ut-image-gallery-item ut-animation-done \"><a data-exthumbimage=\"https:\/\/www.madroconstruccions.com\/wp-content\/uploads\/2023\/07\/IMG20230528153347-200x200.jpg\" href=\"https:\/\/www.madroconstruccions.com\/wp-content\/uploads\/2023\/07\/IMG20230528153347-540x720.jpg\" class=\"ut-vc-images-lightbox ut-wait-for-plugin\" ><div class=\"ut-animated-image-zoom\"><img loading=\"lazy\" decoding=\"async\" class=\"ut-lazy skip-lazy ut-animated-image \"  id=\"ut_am_69e08c2485191\" src=\"data:image\/svg+xml;charset=utf-8,%3Csvg xmlns%3D'http%3A%2F%2Fwww.w3.org%2F2000%2Fsvg' viewBox%3D'0 0 600 800'%2F%3E\" data-src=\"https:\/\/www.madroconstruccions.com\/wp-content\/uploads\/2023\/07\/IMG20230528153347.jpg\" width=\"600\" height=\"800\" alt=\"\"\/><\/div><\/a><\/div><\/div><\/div>[\/vc_column][vc_column width=&#8221;1\/3&#8243;]<div  class=\"wpb_content_element   clearfix\"><style type=\"text\/css\">#ut_am_69e08c248616a { opacity: 1; }#ut_am_wrap_69e08c248616c .ut-image-gallery-item-caption-title h3 { letter-spacing: 0em; }#ut_am_wrap_69e08c248616c .ut-gallery-slider-caption { font-weight: bold; }#ut_am_wrap_69e08c248616c { text-align: left; }@media (min-width: 768px) and (max-width: 1024px) { #ut_am_wrap_69e08c248616c { text-align: left !important; } }@media (max-width: 767px) { #ut_am_wrap_69e08c248616c { text-align: center !important; } }<\/style><div id=\"ut_am_wrap_69e08c248616c\" class=\"ut-image-gallery-image \"><div id=\"ut_reveal_69e08c248616d\"  data-appear-top-offset=\"auto\" class=\"ut-animated-image-item ut-image-gallery-item ut-animation-done \"><a data-exthumbimage=\"https:\/\/www.madroconstruccions.com\/wp-content\/uploads\/2023\/07\/IMG20230528153412-200x200.jpg\" href=\"https:\/\/www.madroconstruccions.com\/wp-content\/uploads\/2023\/07\/IMG20230528153412-540x720.jpg\" class=\"ut-vc-images-lightbox ut-wait-for-plugin\" ><div class=\"ut-animated-image-zoom\"><img loading=\"lazy\" decoding=\"async\" class=\"ut-lazy skip-lazy ut-animated-image \"  id=\"ut_am_69e08c248616a\" src=\"data:image\/svg+xml;charset=utf-8,%3Csvg xmlns%3D'http%3A%2F%2Fwww.w3.org%2F2000%2Fsvg' viewBox%3D'0 0 600 800'%2F%3E\" data-src=\"https:\/\/www.madroconstruccions.com\/wp-content\/uploads\/2023\/07\/IMG20230528153412.jpg\" width=\"600\" height=\"800\" alt=\"\"\/><\/div><\/a><\/div><\/div><\/div>[\/vc_column][vc_column width=&#8221;1\/3&#8243;]<div  class=\"wpb_content_element   clearfix\"><style type=\"text\/css\">#ut_am_69e08c24871cb { opacity: 1; }#ut_am_wrap_69e08c24871cd .ut-image-gallery-item-caption-title h3 { letter-spacing: 0em; }#ut_am_wrap_69e08c24871cd .ut-gallery-slider-caption { font-weight: bold; }#ut_am_wrap_69e08c24871cd { text-align: left; }@media (min-width: 768px) and (max-width: 1024px) { #ut_am_wrap_69e08c24871cd { text-align: left !important; } }@media (max-width: 767px) { #ut_am_wrap_69e08c24871cd { text-align: center !important; } }<\/style><div id=\"ut_am_wrap_69e08c24871cd\" class=\"ut-image-gallery-image \"><div id=\"ut_reveal_69e08c24871ce\"  data-appear-top-offset=\"auto\" class=\"ut-animated-image-item ut-image-gallery-item ut-animation-done \"><a data-exthumbimage=\"https:\/\/www.madroconstruccions.com\/wp-content\/uploads\/2023\/07\/Imagen-de-WhatsApp-2023-06-14-a-las7744-13.08.38-200x200.jpg\" href=\"https:\/\/www.madroconstruccions.com\/wp-content\/uploads\/2023\/07\/Imagen-de-WhatsApp-2023-06-14-a-las7744-13.08.38-540x720.jpg\" class=\"ut-vc-images-lightbox ut-wait-for-plugin\" ><div class=\"ut-animated-image-zoom\"><img loading=\"lazy\" decoding=\"async\" class=\"ut-lazy skip-lazy ut-animated-image \"  id=\"ut_am_69e08c24871cb\" src=\"data:image\/svg+xml;charset=utf-8,%3Csvg xmlns%3D'http%3A%2F%2Fwww.w3.org%2F2000%2Fsvg' viewBox%3D'0 0 600 800'%2F%3E\" data-src=\"https:\/\/www.madroconstruccions.com\/wp-content\/uploads\/2023\/07\/Imagen-de-WhatsApp-2023-06-14-a-las7744-13.08.38.jpg\" width=\"600\" height=\"800\" alt=\"\"\/><\/div><\/a><\/div><\/div><\/div>[\/vc_column][\/vc_row][\/vc_section][vc_section css=&#8221;.vc_custom_1690475777207{background-image: url(https:\/\/www.madroconstruccions.com\/wp-content\/uploads\/2023\/07\/jardi.png?id=4993) !important;background-position: center !important;background-repeat: no-repeat !important;background-size: cover !important;}&#8221;][vc_row][vc_column][ut_parallax_quote quote_linebreak_mobile=&#8221;on&#8221; quote_font_size=&#8221;30&#8243; quote_line_height=&#8221;40&#8243; quote_text_transform=&#8221;uppercase&#8221; quote_ins_font_weight=&#8221;&#8221; cite_font_weight=&#8221;&#8221; cite_text_transform=&#8221;uppercase&#8221; quote_color=&#8221;#ffffff&#8221; cite=&#8221;MADRO CONSTRUCCIONS&#8221; cite_color=&#8221;#ffffff&#8221; icon=&#8221;fa fa-quote-left&#8221; icon_color=&#8221;#ffffff&#8221; quote_ins_color=&#8221;#e85730&#8243;]PROFESSIONALS DE LA CONSTRUCCI\u00d3 DES DE <ins>1984<\/ins>![\/ut_parallax_quote][\/vc_column][\/vc_row][\/vc_section][vc_section][vc_row][vc_column]<div  class=\"wpb_content_element   clearfix\"><style type=\"text\/css\">#ut_am_69e08c248857e { opacity: 1; }#ut_am_wrap_69e08c248857f .ut-image-gallery-item-caption-title h3 { letter-spacing: 0em; }#ut_am_wrap_69e08c248857f .ut-gallery-slider-caption { font-weight: bold; }#ut_am_wrap_69e08c248857f { text-align: center; }@media (min-width: 768px) and (max-width: 1024px) { #ut_am_wrap_69e08c248857f { text-align: center !important; } }@media (max-width: 767px) { #ut_am_wrap_69e08c248857f { text-align: center !important; } }<\/style><div id=\"ut_am_wrap_69e08c248857f\" class=\"ut-image-gallery-image \"><div id=\"ut_reveal_69e08c2488580\"  data-appear-top-offset=\"auto\" class=\"ut-animated-image-item ut-image-gallery-item ut-animation-done \"><a class=\"ut-deactivated-link\" href=\"#\"><div class=\"ut-animated-image-zoom\"><img loading=\"lazy\" decoding=\"async\" class=\"ut-lazy skip-lazy ut-animated-image \"  id=\"ut_am_69e08c248857e\" src=\"data:image\/svg+xml;charset=utf-8,%3Csvg xmlns%3D'http%3A%2F%2Fwww.w3.org%2F2000%2Fsvg' viewBox%3D'0 0 3190 302'%2F%3E\" data-src=\"https:\/\/www.madroconstruccions.com\/wp-content\/uploads\/2024\/08\/SINBANDERA-KITDIGITAL.jpg\" width=\"3190\" height=\"302\" alt=\"\"\/><\/div><\/a><\/div><\/div><\/div>[\/vc_column][\/vc_row][\/vc_section]<\/p>\n<\/div>","protected":false},"excerpt":{"rendered":"<p>[vc_section][vc_row][vc_column width=&#8221;1\/2&#8243;][\/vc_column][vc_column width=&#8221;1\/2&#8243;][vc_column_text] Madr\u00f3 Construccions \u00e9s una empresa familiar amb quasi 40 anys d\u2019experi\u00e8ncia en el sector gestionada per Jordi Hern\u00e1ndez Vilanova. Podem desenvolupar qualsevol repte en temes de construcci\u00f3, des de reformes o rehabilitacions, promoci\u00f3 de projectes i obres importants. Realitzem tota mena de projectes: comunitats, fa\u00e7anes, naus, xalets, reformes de pisos&#8230; Facilitem el [&hellip;]<\/p>\n","protected":false},"author":1,"featured_media":0,"parent":0,"menu_order":0,"comment_status":"closed","ping_status":"closed","template":"","meta":{"footnotes":""},"class_list":["post-4161","page","type-page","status-publish","hentry"],"yoast_head":"<!-- This site is optimized with the Yoast SEO plugin v27.4 - https:\/\/yoast.com\/product\/yoast-seo-wordpress\/ -->\n<title>Inici - Madr\u00f3 Construccions<\/title>\n<meta name=\"description\" content=\"Empresa de construcci\u00f3 Barcelona | Constructors desde 1984\" \/>\n<meta name=\"robots\" content=\"index, follow, max-snippet:-1, max-image-preview:large, max-video-preview:-1\" \/>\n<link rel=\"canonical\" href=\"https:\/\/www.madroconstruccions.com\/\" \/>\n<meta property=\"og:locale\" content=\"ca_ES\" \/>\n<meta property=\"og:type\" content=\"article\" \/>\n<meta property=\"og:title\" content=\"Inici - Madr\u00f3 Construccions\" \/>\n<meta property=\"og:description\" content=\"Empresa de construcci\u00f3 Barcelona | Constructors desde 1984\" \/>\n<meta property=\"og:url\" content=\"https:\/\/www.madroconstruccions.com\/\" \/>\n<meta property=\"og:site_name\" content=\"Madr\u00f3 Construccions\" \/>\n<meta property=\"article:modified_time\" content=\"2025-04-08T16:29:54+00:00\" \/>\n<meta name=\"twitter:card\" content=\"summary_large_image\" \/>\n<meta name=\"twitter:label1\" content=\"Temps estimat de lectura\" \/>\n\t<meta name=\"twitter:data1\" content=\"4 minuts\" \/>\n<script type=\"application\/ld+json\" class=\"yoast-schema-graph\">{\"@context\":\"https:\\\/\\\/schema.org\",\"@graph\":[{\"@type\":\"WebPage\",\"@id\":\"https:\\\/\\\/www.madroconstruccions.com\\\/\",\"url\":\"https:\\\/\\\/www.madroconstruccions.com\\\/\",\"name\":\"Inici - Madr\u00f3 Construccions\",\"isPartOf\":{\"@id\":\"https:\\\/\\\/www.madroconstruccions.com\\\/#website\"},\"datePublished\":\"2016-10-25T09:33:49+00:00\",\"dateModified\":\"2025-04-08T16:29:54+00:00\",\"description\":\"Empresa de construcci\u00f3 Barcelona | Constructors desde 1984\",\"breadcrumb\":{\"@id\":\"https:\\\/\\\/www.madroconstruccions.com\\\/#breadcrumb\"},\"inLanguage\":\"ca\",\"potentialAction\":[{\"@type\":\"ReadAction\",\"target\":[\"https:\\\/\\\/www.madroconstruccions.com\\\/\"]}]},{\"@type\":\"BreadcrumbList\",\"@id\":\"https:\\\/\\\/www.madroconstruccions.com\\\/#breadcrumb\",\"itemListElement\":[{\"@type\":\"ListItem\",\"position\":1,\"name\":\"Portada\",\"item\":\"https:\\\/\\\/www.madroconstruccions.com\\\/\"},{\"@type\":\"ListItem\",\"position\":2,\"name\":\"Inici\"}]},{\"@type\":\"WebSite\",\"@id\":\"https:\\\/\\\/www.madroconstruccions.com\\\/#website\",\"url\":\"https:\\\/\\\/www.madroconstruccions.com\\\/\",\"name\":\"Madr\u00f3 Construccions\",\"description\":\"Construccio Sant Feliu de Codines\",\"publisher\":{\"@id\":\"https:\\\/\\\/www.madroconstruccions.com\\\/#organization\"},\"potentialAction\":[{\"@type\":\"SearchAction\",\"target\":{\"@type\":\"EntryPoint\",\"urlTemplate\":\"https:\\\/\\\/www.madroconstruccions.com\\\/?s={search_term_string}\"},\"query-input\":{\"@type\":\"PropertyValueSpecification\",\"valueRequired\":true,\"valueName\":\"search_term_string\"}}],\"inLanguage\":\"ca\"},{\"@type\":\"Organization\",\"@id\":\"https:\\\/\\\/www.madroconstruccions.com\\\/#organization\",\"name\":\"Madr\u00f3 Construccions\",\"url\":\"https:\\\/\\\/www.madroconstruccions.com\\\/\",\"logo\":{\"@type\":\"ImageObject\",\"inLanguage\":\"ca\",\"@id\":\"https:\\\/\\\/www.madroconstruccions.com\\\/#\\\/schema\\\/logo\\\/image\\\/\",\"url\":\"https:\\\/\\\/www.madroconstruccions.com\\\/wp-content\\\/uploads\\\/2023\\\/07\\\/logotip-madro-construccions-03.png\",\"contentUrl\":\"https:\\\/\\\/www.madroconstruccions.com\\\/wp-content\\\/uploads\\\/2023\\\/07\\\/logotip-madro-construccions-03.png\",\"width\":2509,\"height\":2201,\"caption\":\"Madr\u00f3 Construccions\"},\"image\":{\"@id\":\"https:\\\/\\\/www.madroconstruccions.com\\\/#\\\/schema\\\/logo\\\/image\\\/\"}}]}<\/script>\n<!-- \/ Yoast SEO plugin. -->","yoast_head_json":{"title":"Inici - Madr\u00f3 Construccions","description":"Empresa de construcci\u00f3 Barcelona | Constructors desde 1984","robots":{"index":"index","follow":"follow","max-snippet":"max-snippet:-1","max-image-preview":"max-image-preview:large","max-video-preview":"max-video-preview:-1"},"canonical":"https:\/\/www.madroconstruccions.com\/","og_locale":"ca_ES","og_type":"article","og_title":"Inici - Madr\u00f3 Construccions","og_description":"Empresa de construcci\u00f3 Barcelona | Constructors desde 1984","og_url":"https:\/\/www.madroconstruccions.com\/","og_site_name":"Madr\u00f3 Construccions","article_modified_time":"2025-04-08T16:29:54+00:00","twitter_card":"summary_large_image","twitter_misc":{"Temps estimat de lectura":"4 minuts"},"schema":{"@context":"https:\/\/schema.org","@graph":[{"@type":"WebPage","@id":"https:\/\/www.madroconstruccions.com\/","url":"https:\/\/www.madroconstruccions.com\/","name":"Inici - Madr\u00f3 Construccions","isPartOf":{"@id":"https:\/\/www.madroconstruccions.com\/#website"},"datePublished":"2016-10-25T09:33:49+00:00","dateModified":"2025-04-08T16:29:54+00:00","description":"Empresa de construcci\u00f3 Barcelona | Constructors desde 1984","breadcrumb":{"@id":"https:\/\/www.madroconstruccions.com\/#breadcrumb"},"inLanguage":"ca","potentialAction":[{"@type":"ReadAction","target":["https:\/\/www.madroconstruccions.com\/"]}]},{"@type":"BreadcrumbList","@id":"https:\/\/www.madroconstruccions.com\/#breadcrumb","itemListElement":[{"@type":"ListItem","position":1,"name":"Portada","item":"https:\/\/www.madroconstruccions.com\/"},{"@type":"ListItem","position":2,"name":"Inici"}]},{"@type":"WebSite","@id":"https:\/\/www.madroconstruccions.com\/#website","url":"https:\/\/www.madroconstruccions.com\/","name":"Madr\u00f3 Construccions","description":"Construccio Sant Feliu de Codines","publisher":{"@id":"https:\/\/www.madroconstruccions.com\/#organization"},"potentialAction":[{"@type":"SearchAction","target":{"@type":"EntryPoint","urlTemplate":"https:\/\/www.madroconstruccions.com\/?s={search_term_string}"},"query-input":{"@type":"PropertyValueSpecification","valueRequired":true,"valueName":"search_term_string"}}],"inLanguage":"ca"},{"@type":"Organization","@id":"https:\/\/www.madroconstruccions.com\/#organization","name":"Madr\u00f3 Construccions","url":"https:\/\/www.madroconstruccions.com\/","logo":{"@type":"ImageObject","inLanguage":"ca","@id":"https:\/\/www.madroconstruccions.com\/#\/schema\/logo\/image\/","url":"https:\/\/www.madroconstruccions.com\/wp-content\/uploads\/2023\/07\/logotip-madro-construccions-03.png","contentUrl":"https:\/\/www.madroconstruccions.com\/wp-content\/uploads\/2023\/07\/logotip-madro-construccions-03.png","width":2509,"height":2201,"caption":"Madr\u00f3 Construccions"},"image":{"@id":"https:\/\/www.madroconstruccions.com\/#\/schema\/logo\/image\/"}}]}},"_links":{"self":[{"href":"https:\/\/www.madroconstruccions.com\/index.php?rest_route=\/wp\/v2\/pages\/4161","targetHints":{"allow":["GET"]}}],"collection":[{"href":"https:\/\/www.madroconstruccions.com\/index.php?rest_route=\/wp\/v2\/pages"}],"about":[{"href":"https:\/\/www.madroconstruccions.com\/index.php?rest_route=\/wp\/v2\/types\/page"}],"author":[{"embeddable":true,"href":"https:\/\/www.madroconstruccions.com\/index.php?rest_route=\/wp\/v2\/users\/1"}],"replies":[{"embeddable":true,"href":"https:\/\/www.madroconstruccions.com\/index.php?rest_route=%2Fwp%2Fv2%2Fcomments&post=4161"}],"version-history":[{"count":18,"href":"https:\/\/www.madroconstruccions.com\/index.php?rest_route=\/wp\/v2\/pages\/4161\/revisions"}],"predecessor-version":[{"id":7834,"href":"https:\/\/www.madroconstruccions.com\/index.php?rest_route=\/wp\/v2\/pages\/4161\/revisions\/7834"}],"wp:attachment":[{"href":"https:\/\/www.madroconstruccions.com\/index.php?rest_route=%2Fwp%2Fv2%2Fmedia&parent=4161"}],"curies":[{"name":"wp","href":"https:\/\/api.w.org\/{rel}","templated":true}]}}